{"id":3295,"date":"2021-07-22T08:48:16","date_gmt":"2021-07-22T06:48:16","guid":{"rendered":"https:\/\/lebenstanz.info\/inscription-decentralisee\/"},"modified":"2025-03-25T21:08:45","modified_gmt":"2025-03-25T20:08:45","slug":"inscription-decentralisee","status":"publish","type":"page","link":"https:\/\/lebenstanz.info\/fr\/inscription-decentralisee\/","title":{"rendered":"Inscription d\u00e9centralis\u00e9e"},"content":{"rendered":"<div class=\"fusion-fullwidth fullwidth-box fusion-builder-row-1 fusion-flex-container nonhundred-percent-fullwidth non-hundred-percent-height-scrolling\" style=\"--awb-border-radius-top-left:0px;--awb-border-radius-top-right:0px;--awb-border-radius-bottom-right:0px;--awb-border-radius-bottom-left:0px;--awb-flex-wrap:wrap;\" ><div class=\"fusion-builder-row fusion-row fusion-flex-align-items-flex-start fusion-flex-content-wrap\" style=\"max-width:1216.8px;margin-left: calc(-4% \/ 2 );margin-right: calc(-4% \/ 2 );\"><div class=\"fusion-layout-column fusion_builder_column fusion-builder-column-0 fusion_builder_column_1_1 1_1 fusion-flex-column\" style=\"--awb-bg-size:cover;--awb-width-large:100%;--awb-margin-top-large:20px;--awb-spacing-right-large:1.92%;--awb-margin-bottom-large:20px;--awb-spacing-left-large:1.92%;--awb-width-medium:100%;--awb-order-medium:0;--awb-spacing-right-medium:1.92%;--awb-spacing-left-medium:1.92%;--awb-width-small:100%;--awb-order-small:0;--awb-spacing-right-small:1.92%;--awb-spacing-left-small:1.92%;\"><div class=\"fusion-column-wrapper fusion-column-has-shadow fusion-flex-justify-content-flex-start fusion-content-layout-column\"><div class=\"fusion-text fusion-text-1\" style=\"--awb-text-transform:none;\"><h3>La 33e danse de vie dans\u00e9e individuellement : la danse d\u00e9centralis\u00e9e<\/h3>\n<p>Il est \u00e9galement possible de faire la danse de la vie chez toi en tant que c\u00e9r\u00e9monie ou de te mettre en r\u00e9seau avec d&rsquo;autres personnes de ton entourage. Cette possibilit\u00e9 convient aux personnes qui connaissent bien la danse, qui ont suivi des groupes de formation et qui ont l&rsquo;exp\u00e9rience de se rendre seules \u00e0 une c\u00e9r\u00e9monie. M\u00eame si tu ne peux pas prendre de vacances ou si tu ne peux pas te d\u00e9placer pour d&rsquo;autres raisons, tu peux volontiers profiter de cette possibilit\u00e9 de danse d\u00e9centralis\u00e9e.<\/p>\n<p>Apr\u00e8s l&rsquo;inscription, tu auras acc\u00e8s au domaine interne avec les instructions pour les c\u00e9r\u00e9monies essentielles, les chants et les explications sur la danse d\u00e9centralis\u00e9e.<\/p>\n<p>Si vous souhaitez participer \u00e0 la danse de la vie pour la premi\u00e8re fois, il est plus judicieux de vous inscrire \u00e0 la danse de Lavaldieu.<\/p>\n<p><strong>Contribution de la danse d\u00e9centralis\u00e9e : <\/strong>au moins <strong>30 euros\/30 CHF <\/strong>selon l&rsquo;auto-\u00e9valuation<\/p>\n<p>Tu trouveras les <strong>num\u00e9ros de compte<\/strong> sous \u00ab\u00a0Organisation\u00a0\u00bb.<\/p>\n<h3>Formulaire de contact :<\/h3>\n<\/div><div class=\"fusion-widget fusion-widget-element fusion-widget-area fusion-content-widget-area wpWidget-1 wpforms_widget\" style=\"--awb-fusion-border-size:0px;--awb-fusion-border-style:solid;\"><div class=\"widget wpforms-widget\"><div class=\"wpforms-container wpforms-container-full wpforms-render-modern\" id=\"wpforms-4871\"><form id=\"wpforms-form-4871\" class=\"wpforms-validate wpforms-form wpforms-ajax-form\" data-formid=\"4871\" method=\"post\" enctype=\"multipart\/form-data\" action=\"\/fr\/wp-json\/wp\/v2\/pages\/3295\" data-token=\"7032e63fcaccda37c1c5f048a266dae5\" data-token-time=\"1778257689\"><noscript class=\"wpforms-error-noscript\">Veuillez activer JavaScript dans votre navigateur pour remplir ce formulaire.<\/noscript><div id=\"wpforms-error-noscript\" style=\"display: none;\">Veuillez activer JavaScript dans votre navigateur pour remplir ce formulaire.<\/div><div class=\"wpforms-field-container\"><div id=\"wpforms-4871-field_28-container\" class=\"wpforms-field wpforms-field-text wpforms-one-half wpforms-first\" data-field-id=\"28\"><label class=\"wpforms-field-label\" for=\"wpforms-4871-field_28\">Anrede <span class=\"wpforms-required-label\" aria-hidden=\"true\">*<\/span><\/label><input type=\"text\" id=\"wpforms-4871-field_28\" class=\"wpforms-field-large wpforms-field-required\" name=\"wpforms[fields][28]\" aria-errormessage=\"wpforms-4871-field_28-error\" required><\/div><div id=\"wpforms-4871-field_29-container\" class=\"wpforms-field wpforms-field-text wpforms-one-half\" data-field-id=\"29\"><label class=\"wpforms-field-label\" for=\"wpforms-4871-field_29\">Vorname <span class=\"wpforms-required-label\" aria-hidden=\"true\">*<\/span><\/label><input type=\"text\" id=\"wpforms-4871-field_29\" class=\"wpforms-field-large wpforms-field-required\" name=\"wpforms[fields][29]\" aria-errormessage=\"wpforms-4871-field_29-error\" required><\/div><div id=\"wpforms-4871-field_30-container\" class=\"wpforms-field wpforms-field-text wpforms-one-half wpforms-first\" data-field-id=\"30\"><label class=\"wpforms-field-label\" for=\"wpforms-4871-field_30\">Nachname <span class=\"wpforms-required-label\" aria-hidden=\"true\">*<\/span><\/label><input type=\"text\" id=\"wpforms-4871-field_30\" class=\"wpforms-field-large wpforms-field-required\" name=\"wpforms[fields][30]\" aria-errormessage=\"wpforms-4871-field_30-error\" required><\/div><div id=\"wpforms-4871-field_23-container\" class=\"wpforms-field wpforms-field-text wpforms-one-half\" data-field-id=\"23\"><label class=\"wpforms-field-label\" for=\"wpforms-4871-field_23\">PLZ \/ Ort <span class=\"wpforms-required-label\" aria-hidden=\"true\">*<\/span><\/label><input type=\"text\" id=\"wpforms-4871-field_23\" class=\"wpforms-field-large wpforms-field-required\" name=\"wpforms[fields][23]\" aria-errormessage=\"wpforms-4871-field_23-error\" required><\/div><div id=\"wpforms-4871-field_24-container\" class=\"wpforms-field wpforms-field-text wpforms-one-half wpforms-first\" data-field-id=\"24\"><label class=\"wpforms-field-label\" for=\"wpforms-4871-field_24\">Strasse, Nr. <span class=\"wpforms-required-label\" aria-hidden=\"true\">*<\/span><\/label><input type=\"text\" id=\"wpforms-4871-field_24\" class=\"wpforms-field-large wpforms-field-required\" name=\"wpforms[fields][24]\" aria-errormessage=\"wpforms-4871-field_24-error\" required><\/div>\t\t<div id=\"wpforms-4871-field_1-container\"\n\t\t\tclass=\"wpforms-field wpforms-field-text\"\n\t\t\tdata-field-type=\"text\"\n\t\t\tdata-field-id=\"1\"\n\t\t\t>\n\t\t\t<label class=\"wpforms-field-label\" for=\"wpforms-4871-field_1\" >dein Vorname Strasse,<\/label>\n\t\t\t<input type=\"text\" id=\"wpforms-4871-field_1\" class=\"wpforms-field-medium\" name=\"wpforms[fields][1]\" >\n\t\t<\/div>\n\t\t<div id=\"wpforms-4871-field_22-container\" class=\"wpforms-field wpforms-field-text wpforms-one-half\" data-field-id=\"22\"><label class=\"wpforms-field-label\" for=\"wpforms-4871-field_22\">Land <span class=\"wpforms-required-label\" aria-hidden=\"true\">*<\/span><\/label><input type=\"text\" id=\"wpforms-4871-field_22\" class=\"wpforms-field-large wpforms-field-required\" name=\"wpforms[fields][22]\" aria-errormessage=\"wpforms-4871-field_22-error\" required><\/div><div id=\"wpforms-4871-field_7-container\" class=\"wpforms-field wpforms-field-email wpforms-one-half wpforms-first\" data-field-id=\"7\"><label class=\"wpforms-field-label\" for=\"wpforms-4871-field_7\">Email <span class=\"wpforms-required-label\" aria-hidden=\"true\">*<\/span><\/label><input type=\"email\" id=\"wpforms-4871-field_7\" class=\"wpforms-field-large wpforms-field-required\" name=\"wpforms[fields][7]\" spellcheck=\"false\" aria-errormessage=\"wpforms-4871-field_7-error\" required><\/div><div id=\"wpforms-4871-field_16-container\" class=\"wpforms-field wpforms-field-text wpforms-one-half\" data-field-id=\"16\"><label class=\"wpforms-field-label\" for=\"wpforms-4871-field_16\">Geburtsdatum: <span class=\"wpforms-required-label\" aria-hidden=\"true\">*<\/span><\/label><input type=\"text\" id=\"wpforms-4871-field_16\" class=\"wpforms-field-large wpforms-field-required\" name=\"wpforms[fields][16]\" placeholder=\"dd.mm.yyyy\" aria-errormessage=\"wpforms-4871-field_16-error\" required><\/div><div id=\"wpforms-4871-field_17-container\" class=\"wpforms-field wpforms-field-text\" data-field-id=\"17\"><label class=\"wpforms-field-label\" for=\"wpforms-4871-field_17\">Telefonnummer (bitte mit L\u00e4ndervorwahl) <span class=\"wpforms-required-label\" aria-hidden=\"true\">*<\/span><\/label><input type=\"text\" id=\"wpforms-4871-field_17\" class=\"wpforms-field-large wpforms-field-required\" name=\"wpforms[fields][17]\" aria-errormessage=\"wpforms-4871-field_17-error\" required><\/div><div id=\"wpforms-4871-field_6-container\" class=\"wpforms-field wpforms-field-textarea\" data-field-id=\"6\"><label class=\"wpforms-field-label wpforms-label-hide\" for=\"wpforms-4871-field_6\" aria-hidden=\"false\">Bitte schreibe uns, was dein Anliegen dazu ist:<\/label><textarea id=\"wpforms-4871-field_6\" class=\"wpforms-field-medium\" name=\"wpforms[fields][6]\" placeholder=\"Sonstiges\" aria-errormessage=\"wpforms-4871-field_6-error\" ><\/textarea><\/div><div id=\"wpforms-4871-field_11-container\" class=\"wpforms-field wpforms-field-checkbox\" data-field-id=\"11\"><fieldset><legend class=\"wpforms-field-label\">Einverst\u00e4ndniserkl\u00e4rung: <span class=\"wpforms-required-label\" aria-hidden=\"true\">*<\/span><\/legend><ul id=\"wpforms-4871-field_11\" class=\"wpforms-field-required\"><li class=\"choice-1 depth-1\"><input type=\"checkbox\" id=\"wpforms-4871-field_11_1\" name=\"wpforms[fields][11][]\" value=\"Ich bin mit den Anmeldebedingungen einverstanden.\" aria-errormessage=\"wpforms-4871-field_11_1-error\" required ><label class=\"wpforms-field-label-inline\" for=\"wpforms-4871-field_11_1\">Ich bin mit den Anmeldebedingungen einverstanden.<\/label><\/li><li class=\"choice-2 depth-1\"><input type=\"checkbox\" id=\"wpforms-4871-field_11_2\" name=\"wpforms[fields][11][]\" value=\"Ich akzeptiere die zum Zeitpunkt der Veranstaltung vor Ort in Frankreich geltenden rechtlichen Hygiene- und Gesundheitsvorschriften und halte sie ein.\" aria-errormessage=\"wpforms-4871-field_11_2-error\" required ><label class=\"wpforms-field-label-inline\" for=\"wpforms-4871-field_11_2\">Ich akzeptiere die zum Zeitpunkt der Veranstaltung vor Ort in Frankreich geltenden rechtlichen Hygiene- und Gesundheitsvorschriften und halte sie ein.<\/label><\/li><\/ul><\/fieldset><\/div><script>\n\t\t\t\t( function() {\n\t\t\t\t\tconst style = document.createElement( 'style' );\n\t\t\t\t\tstyle.appendChild( document.createTextNode( '#wpforms-4871-field_1-container { position: absolute !important; overflow: hidden !important; display: inline !important; height: 1px !important; width: 1px !important; z-index: -1000 !important; padding: 0 !important; } #wpforms-4871-field_1-container input { visibility: hidden; } #wpforms-conversational-form-page #wpforms-4871-field_1-container label { counter-increment: none; }' ) );\n\t\t\t\t\tdocument.head.appendChild( style );\n\t\t\t\t\tdocument.currentScript?.remove();\n\t\t\t\t} )();\n\t\t\t<\/script><\/div><!-- .wpforms-field-container --><div class=\"wpforms-submit-container\" ><input type=\"hidden\" name=\"wpforms[id]\" value=\"4871\"><input type=\"hidden\" name=\"page_title\" value=\"\"><input type=\"hidden\" name=\"page_url\" value=\"https:\/\/lebenstanz.info\/fr\/wp-json\/wp\/v2\/pages\/3295\"><input type=\"hidden\" name=\"url_referer\" value=\"\"><button type=\"submit\" name=\"wpforms[submit]\" id=\"wpforms-submit-4871\" class=\"wpforms-submit\" data-alt-text=\"Sending...\" data-submit-text=\"Anmeldung senden\" aria-live=\"assertive\" value=\"wpforms-submit\">Anmeldung senden<\/button><img decoding=\"async\" src=\"data:image\/svg+xml,%3Csvg%20xmlns%3D%27http%3A%2F%2Fwww.w3.org%2F2000%2Fsvg%27%20width%3D%2726%27%20height%3D%2726%27%20viewBox%3D%270%200%2026%2026%27%3E%3Crect%20width%3D%2726%27%20height%3D%2726%27%20fill-opacity%3D%220%22%2F%3E%3C%2Fsvg%3E\" data-orig-src=\"https:\/\/lebenstanz.info\/wp-content\/plugins\/wpforms-lite\/assets\/images\/submit-spin.svg\" class=\"lazyload wpforms-submit-spinner\" style=\"display: none;\" width=\"26\" height=\"26\" alt=\"Chargement en cours\"><\/div><\/form><\/div>  <!-- .wpforms-container --><\/div><\/div><\/div><\/div><\/div><\/div>\n","protected":false},"excerpt":{"rendered":"","protected":false},"author":1,"featured_media":0,"parent":0,"menu_order":0,"comment_status":"closed","ping_status":"closed","template":"","meta":{"footnotes":""},"class_list":["post-3295","page","type-page","status-publish","hentry"],"yoast_head":"<!-- This site is optimized with the Yoast SEO plugin v27.5 - https:\/\/yoast.com\/product\/yoast-seo-wordpress\/ -->\n<title>Inscription d\u00e9centralis\u00e9e - Lebenstanz<\/title>\n<meta name=\"robots\" content=\"index, follow, max-snippet:-1, max-image-preview:large, max-video-preview:-1\" \/>\n<link rel=\"canonical\" href=\"https:\/\/lebenstanz.info\/fr\/inscription-decentralisee\/\" \/>\n<meta property=\"og:locale\" content=\"fr_FR\" \/>\n<meta property=\"og:type\" content=\"article\" \/>\n<meta property=\"og:title\" content=\"Inscription d\u00e9centralis\u00e9e - Lebenstanz\" \/>\n<meta property=\"og:url\" content=\"https:\/\/lebenstanz.info\/fr\/inscription-decentralisee\/\" \/>\n<meta property=\"og:site_name\" content=\"Lebenstanz\" \/>\n<meta property=\"article:publisher\" content=\"https:\/\/www.facebook.com\/lebenstanzinfo\/\" \/>\n<meta property=\"article:modified_time\" content=\"2025-03-25T20:08:45+00:00\" \/>\n<meta name=\"twitter:card\" content=\"summary_large_image\" \/>\n<meta name=\"twitter:label1\" content=\"Dur\u00e9e de lecture estim\u00e9e\" \/>\n\t<meta name=\"twitter:data1\" content=\"3 minutes\" \/>\n<script type=\"application\/ld+json\" class=\"yoast-schema-graph\">{\"@context\":\"https:\\\/\\\/schema.org\",\"@graph\":[{\"@type\":\"WebPage\",\"@id\":\"https:\\\/\\\/lebenstanz.info\\\/fr\\\/inscription-decentralisee\\\/\",\"url\":\"https:\\\/\\\/lebenstanz.info\\\/fr\\\/inscription-decentralisee\\\/\",\"name\":\"Inscription d\u00e9centralis\u00e9e - Lebenstanz\",\"isPartOf\":{\"@id\":\"https:\\\/\\\/lebenstanz.info\\\/fr\\\/#website\"},\"datePublished\":\"2021-07-22T06:48:16+00:00\",\"dateModified\":\"2025-03-25T20:08:45+00:00\",\"breadcrumb\":{\"@id\":\"https:\\\/\\\/lebenstanz.info\\\/fr\\\/inscription-decentralisee\\\/#breadcrumb\"},\"inLanguage\":\"fr-FR\",\"potentialAction\":[{\"@type\":\"ReadAction\",\"target\":[\"https:\\\/\\\/lebenstanz.info\\\/fr\\\/inscription-decentralisee\\\/\"]}]},{\"@type\":\"BreadcrumbList\",\"@id\":\"https:\\\/\\\/lebenstanz.info\\\/fr\\\/inscription-decentralisee\\\/#breadcrumb\",\"itemListElement\":[{\"@type\":\"ListItem\",\"position\":1,\"name\":\"Startseite\",\"item\":\"https:\\\/\\\/lebenstanz.info\\\/fr\\\/accueil\\\/\"},{\"@type\":\"ListItem\",\"position\":2,\"name\":\"Inscription d\u00e9centralis\u00e9e\"}]},{\"@type\":\"WebSite\",\"@id\":\"https:\\\/\\\/lebenstanz.info\\\/fr\\\/#website\",\"url\":\"https:\\\/\\\/lebenstanz.info\\\/fr\\\/\",\"name\":\"Lebenstanz\",\"description\":\"Ein Traum ist Wirklichkeit\",\"publisher\":{\"@id\":\"https:\\\/\\\/lebenstanz.info\\\/fr\\\/#organization\"},\"potentialAction\":[{\"@type\":\"SearchAction\",\"target\":{\"@type\":\"EntryPoint\",\"urlTemplate\":\"https:\\\/\\\/lebenstanz.info\\\/fr\\\/?s={search_term_string}\"},\"query-input\":{\"@type\":\"PropertyValueSpecification\",\"valueRequired\":true,\"valueName\":\"search_term_string\"}}],\"inLanguage\":\"fr-FR\"},{\"@type\":\"Organization\",\"@id\":\"https:\\\/\\\/lebenstanz.info\\\/fr\\\/#organization\",\"name\":\"Lebenstanz\",\"url\":\"https:\\\/\\\/lebenstanz.info\\\/fr\\\/\",\"logo\":{\"@type\":\"ImageObject\",\"inLanguage\":\"fr-FR\",\"@id\":\"https:\\\/\\\/lebenstanz.info\\\/fr\\\/#\\\/schema\\\/logo\\\/image\\\/\",\"url\":\"https:\\\/\\\/lebenstanz.info\\\/wp-content\\\/uploads\\\/2021\\\/10\\\/Logo_Lebenstanz_160.png\",\"contentUrl\":\"https:\\\/\\\/lebenstanz.info\\\/wp-content\\\/uploads\\\/2021\\\/10\\\/Logo_Lebenstanz_160.png\",\"width\":160,\"height\":160,\"caption\":\"Lebenstanz\"},\"image\":{\"@id\":\"https:\\\/\\\/lebenstanz.info\\\/fr\\\/#\\\/schema\\\/logo\\\/image\\\/\"},\"sameAs\":[\"https:\\\/\\\/www.facebook.com\\\/lebenstanzinfo\\\/\"]}]}<\/script>\n<!-- \/ Yoast SEO plugin. -->","yoast_head_json":{"title":"Inscription d\u00e9centralis\u00e9e - Lebenstanz","robots":{"index":"index","follow":"follow","max-snippet":"max-snippet:-1","max-image-preview":"max-image-preview:large","max-video-preview":"max-video-preview:-1"},"canonical":"https:\/\/lebenstanz.info\/fr\/inscription-decentralisee\/","og_locale":"fr_FR","og_type":"article","og_title":"Inscription d\u00e9centralis\u00e9e - Lebenstanz","og_url":"https:\/\/lebenstanz.info\/fr\/inscription-decentralisee\/","og_site_name":"Lebenstanz","article_publisher":"https:\/\/www.facebook.com\/lebenstanzinfo\/","article_modified_time":"2025-03-25T20:08:45+00:00","twitter_card":"summary_large_image","twitter_misc":{"Dur\u00e9e de lecture estim\u00e9e":"3 minutes"},"schema":{"@context":"https:\/\/schema.org","@graph":[{"@type":"WebPage","@id":"https:\/\/lebenstanz.info\/fr\/inscription-decentralisee\/","url":"https:\/\/lebenstanz.info\/fr\/inscription-decentralisee\/","name":"Inscription d\u00e9centralis\u00e9e - Lebenstanz","isPartOf":{"@id":"https:\/\/lebenstanz.info\/fr\/#website"},"datePublished":"2021-07-22T06:48:16+00:00","dateModified":"2025-03-25T20:08:45+00:00","breadcrumb":{"@id":"https:\/\/lebenstanz.info\/fr\/inscription-decentralisee\/#breadcrumb"},"inLanguage":"fr-FR","potentialAction":[{"@type":"ReadAction","target":["https:\/\/lebenstanz.info\/fr\/inscription-decentralisee\/"]}]},{"@type":"BreadcrumbList","@id":"https:\/\/lebenstanz.info\/fr\/inscription-decentralisee\/#breadcrumb","itemListElement":[{"@type":"ListItem","position":1,"name":"Startseite","item":"https:\/\/lebenstanz.info\/fr\/accueil\/"},{"@type":"ListItem","position":2,"name":"Inscription d\u00e9centralis\u00e9e"}]},{"@type":"WebSite","@id":"https:\/\/lebenstanz.info\/fr\/#website","url":"https:\/\/lebenstanz.info\/fr\/","name":"Lebenstanz","description":"Ein Traum ist Wirklichkeit","publisher":{"@id":"https:\/\/lebenstanz.info\/fr\/#organization"},"potentialAction":[{"@type":"SearchAction","target":{"@type":"EntryPoint","urlTemplate":"https:\/\/lebenstanz.info\/fr\/?s={search_term_string}"},"query-input":{"@type":"PropertyValueSpecification","valueRequired":true,"valueName":"search_term_string"}}],"inLanguage":"fr-FR"},{"@type":"Organization","@id":"https:\/\/lebenstanz.info\/fr\/#organization","name":"Lebenstanz","url":"https:\/\/lebenstanz.info\/fr\/","logo":{"@type":"ImageObject","inLanguage":"fr-FR","@id":"https:\/\/lebenstanz.info\/fr\/#\/schema\/logo\/image\/","url":"https:\/\/lebenstanz.info\/wp-content\/uploads\/2021\/10\/Logo_Lebenstanz_160.png","contentUrl":"https:\/\/lebenstanz.info\/wp-content\/uploads\/2021\/10\/Logo_Lebenstanz_160.png","width":160,"height":160,"caption":"Lebenstanz"},"image":{"@id":"https:\/\/lebenstanz.info\/fr\/#\/schema\/logo\/image\/"},"sameAs":["https:\/\/www.facebook.com\/lebenstanzinfo\/"]}]}},"_links":{"self":[{"href":"https:\/\/lebenstanz.info\/fr\/wp-json\/wp\/v2\/pages\/3295","targetHints":{"allow":["GET"]}}],"collection":[{"href":"https:\/\/lebenstanz.info\/fr\/wp-json\/wp\/v2\/pages"}],"about":[{"href":"https:\/\/lebenstanz.info\/fr\/wp-json\/wp\/v2\/types\/page"}],"author":[{"embeddable":true,"href":"https:\/\/lebenstanz.info\/fr\/wp-json\/wp\/v2\/users\/1"}],"replies":[{"embeddable":true,"href":"https:\/\/lebenstanz.info\/fr\/wp-json\/wp\/v2\/comments?post=3295"}],"version-history":[{"count":10,"href":"https:\/\/lebenstanz.info\/fr\/wp-json\/wp\/v2\/pages\/3295\/revisions"}],"predecessor-version":[{"id":5080,"href":"https:\/\/lebenstanz.info\/fr\/wp-json\/wp\/v2\/pages\/3295\/revisions\/5080"}],"wp:attachment":[{"href":"https:\/\/lebenstanz.info\/fr\/wp-json\/wp\/v2\/media?parent=3295"}],"curies":[{"name":"wp","href":"https:\/\/api.w.org\/{rel}","templated":true}]}}