{"id":3255,"date":"2021-07-19T13:38:13","date_gmt":"2021-07-19T11:38:13","guid":{"rendered":"https:\/\/lebenstanz.info\/organisation-danseurs\/"},"modified":"2024-05-19T19:46:52","modified_gmt":"2024-05-19T17:46:52","slug":"organisation-danseurs","status":"publish","type":"page","link":"https:\/\/lebenstanz.info\/fr\/organisation-danseurs\/","title":{"rendered":"Organisation danseur-euses"},"content":{"rendered":"<div class=\"fusion-fullwidth fullwidth-box fusion-builder-row-1 fusion-flex-container nonhundred-percent-fullwidth non-hundred-percent-height-scrolling\" style=\"--awb-border-radius-top-left:0px;--awb-border-radius-top-right:0px;--awb-border-radius-bottom-right:0px;--awb-border-radius-bottom-left:0px;--awb-flex-wrap:wrap;\" ><div class=\"fusion-builder-row fusion-row fusion-flex-align-items-flex-start fusion-flex-content-wrap\" style=\"max-width:1216.8px;margin-left: calc(-4% \/ 2 );margin-right: calc(-4% \/ 2 );\"><div class=\"fusion-layout-column fusion_builder_column fusion-builder-column-0 fusion_builder_column_1_1 1_1 fusion-flex-column\" style=\"--awb-bg-size:cover;--awb-width-large:100%;--awb-margin-top-large:20px;--awb-spacing-right-large:1.92%;--awb-margin-bottom-large:20px;--awb-spacing-left-large:1.92%;--awb-width-medium:100%;--awb-order-medium:0;--awb-spacing-right-medium:1.92%;--awb-spacing-left-medium:1.92%;--awb-width-small:100%;--awb-order-small:0;--awb-spacing-right-small:1.92%;--awb-spacing-left-small:1.92%;\"><div class=\"fusion-column-wrapper fusion-column-has-shadow fusion-flex-justify-content-flex-start fusion-content-layout-column\"><div class=\"fusion-text fusion-text-1\"><p><strong>Chers danseur-euses de la vie<\/strong><\/p>\n<p>Tu as certainement r\u00e9serv\u00e9 depuis longtemps la date de la 30e danse de la vie et l&rsquo;as inscrite en gras dans ton agenda.<\/p>\n<p>marqu\u00e9 ! D\u00e8s maintenant, tu peux t&rsquo;inscrire pour la danse sur notre site web et tu auras alors acc\u00e8s \u00e0 la zone prot\u00e9g\u00e9e du site web avec tous les documents, le tableau de sable et les enregistrements des chansons. Les photos envoy\u00e9es de vos panneaux et de vos pistes de danse y seront \u00e9galement mises en ligne.<\/p>\n<p>tu peux d\u00e8s \u00e0 pr\u00e9sent t&rsquo;inscrire <a href=\"https:\/\/www.lebenstanz.info\/de\/anmeldung\/formular-tanz\/\">ICI<\/a>!<\/p>\n<p><strong>Mise en r\u00e9seau<\/strong><br \/>\nVos r\u00e9actions de l&rsquo;ann\u00e9e derni\u00e8re nous ont beaucoup touch\u00e9s. De si belles images et exp\u00e9riences ont t\u00e9moign\u00e9 de merveilleux moments de spiritualit\u00e9&#8230; Beaucoup d&rsquo;entre vous ont cependant regrett\u00e9 de ne pas \u00eatre plus proches et ont regrett\u00e9 le collectif et la communaut\u00e9.<br \/>\nAfin de faciliter la mise en r\u00e9seau de tous les participants, nous mettons \u00e0 disposition une <a href=\"https:\/\/smoton.com\/pmjlyeev-s8j073fb-hzkvbwj6-7pr\">plateforme de mise en r\u00e9seau<\/a> sur notre site Internet.<br \/>\nTu cherches encore des personnes pour danser avec toi ? Ou tu aimerais danser, mais tu n&rsquo;as pas d&rsquo;endroit appropri\u00e9 ? Tu as une place de choix et tu es ouvert \u00e0 d&rsquo;autres danseurs* ? Ou&#8230; ?<br \/>\nLors de ton inscription, tu peux nous dire ce que tu cherches ou offres exactement et nous publierons ton texte, ton nom, ton lieu de r\u00e9sidence et une adresse e-mail sur le site.<\/p>\n<p><strong>Co\u00fbts<\/strong><br \/>\nCette forme de danse engendre \u00e9galement des co\u00fbts. C&rsquo;est pourquoi nous demandons aux participant-e-s de verser une contribution du montant de ton choix \u00e0 la caisse de danse de vie (valeur indicative : 50.- Euro\/CHF). Un grand merci pour ton don !<\/p>\n<p>Cette ann\u00e9e encore, nous souhaitons qu&rsquo;un grand collectif danse la danse de la vie dans de nombreux points cardinaux et pays d&rsquo;Europe, apportant ainsi une contribution importante \u00e0 la croissance individuelle de tous les participants et \u00e0 l&rsquo;\u00e9volution collective.<\/p>\n<p>Nous nous r\u00e9jouissons de ces journ\u00e9es de danse connect\u00e9es, enrichissantes et visionnaires !<br \/>\nCordialement, votre \u00e9quipe de direction<\/p>\n<\/div><\/div><\/div><\/div><\/div>\n","protected":false},"excerpt":{"rendered":"","protected":false},"author":1,"featured_media":0,"parent":0,"menu_order":0,"comment_status":"closed","ping_status":"closed","template":"","meta":{"footnotes":""},"class_list":["post-3255","page","type-page","status-publish","hentry"],"yoast_head":"<!-- This site is optimized with the Yoast SEO plugin v27.4 - https:\/\/yoast.com\/product\/yoast-seo-wordpress\/ -->\n<title>Organisation danseur-euses - Lebenstanz<\/title>\n<meta name=\"robots\" content=\"index, follow, max-snippet:-1, max-image-preview:large, max-video-preview:-1\" \/>\n<link rel=\"canonical\" href=\"https:\/\/lebenstanz.info\/fr\/organisation-danseurs\/\" \/>\n<meta property=\"og:locale\" content=\"fr_FR\" \/>\n<meta property=\"og:type\" content=\"article\" \/>\n<meta property=\"og:title\" content=\"Organisation danseur-euses - Lebenstanz\" \/>\n<meta property=\"og:url\" content=\"https:\/\/lebenstanz.info\/fr\/organisation-danseurs\/\" \/>\n<meta property=\"og:site_name\" content=\"Lebenstanz\" \/>\n<meta property=\"article:publisher\" content=\"https:\/\/www.facebook.com\/lebenstanzinfo\/\" \/>\n<meta property=\"article:modified_time\" content=\"2024-05-19T17:46:52+00:00\" \/>\n<meta name=\"twitter:card\" content=\"summary_large_image\" \/>\n<meta name=\"twitter:label1\" content=\"Dur\u00e9e de lecture estim\u00e9e\" \/>\n\t<meta name=\"twitter:data1\" content=\"4 minutes\" \/>\n<script type=\"application\/ld+json\" class=\"yoast-schema-graph\">{\"@context\":\"https:\\\/\\\/schema.org\",\"@graph\":[{\"@type\":\"WebPage\",\"@id\":\"https:\\\/\\\/lebenstanz.info\\\/fr\\\/organisation-danseurs\\\/\",\"url\":\"https:\\\/\\\/lebenstanz.info\\\/fr\\\/organisation-danseurs\\\/\",\"name\":\"Organisation danseur-euses - Lebenstanz\",\"isPartOf\":{\"@id\":\"https:\\\/\\\/lebenstanz.info\\\/fr\\\/#website\"},\"datePublished\":\"2021-07-19T11:38:13+00:00\",\"dateModified\":\"2024-05-19T17:46:52+00:00\",\"breadcrumb\":{\"@id\":\"https:\\\/\\\/lebenstanz.info\\\/fr\\\/organisation-danseurs\\\/#breadcrumb\"},\"inLanguage\":\"fr-FR\",\"potentialAction\":[{\"@type\":\"ReadAction\",\"target\":[\"https:\\\/\\\/lebenstanz.info\\\/fr\\\/organisation-danseurs\\\/\"]}]},{\"@type\":\"BreadcrumbList\",\"@id\":\"https:\\\/\\\/lebenstanz.info\\\/fr\\\/organisation-danseurs\\\/#breadcrumb\",\"itemListElement\":[{\"@type\":\"ListItem\",\"position\":1,\"name\":\"Startseite\",\"item\":\"https:\\\/\\\/lebenstanz.info\\\/fr\\\/accueil\\\/\"},{\"@type\":\"ListItem\",\"position\":2,\"name\":\"Organisation danseur-euses\"}]},{\"@type\":\"WebSite\",\"@id\":\"https:\\\/\\\/lebenstanz.info\\\/fr\\\/#website\",\"url\":\"https:\\\/\\\/lebenstanz.info\\\/fr\\\/\",\"name\":\"Lebenstanz\",\"description\":\"Ein Traum ist Wirklichkeit\",\"publisher\":{\"@id\":\"https:\\\/\\\/lebenstanz.info\\\/fr\\\/#organization\"},\"potentialAction\":[{\"@type\":\"SearchAction\",\"target\":{\"@type\":\"EntryPoint\",\"urlTemplate\":\"https:\\\/\\\/lebenstanz.info\\\/fr\\\/?s={search_term_string}\"},\"query-input\":{\"@type\":\"PropertyValueSpecification\",\"valueRequired\":true,\"valueName\":\"search_term_string\"}}],\"inLanguage\":\"fr-FR\"},{\"@type\":\"Organization\",\"@id\":\"https:\\\/\\\/lebenstanz.info\\\/fr\\\/#organization\",\"name\":\"Lebenstanz\",\"url\":\"https:\\\/\\\/lebenstanz.info\\\/fr\\\/\",\"logo\":{\"@type\":\"ImageObject\",\"inLanguage\":\"fr-FR\",\"@id\":\"https:\\\/\\\/lebenstanz.info\\\/fr\\\/#\\\/schema\\\/logo\\\/image\\\/\",\"url\":\"https:\\\/\\\/lebenstanz.info\\\/wp-content\\\/uploads\\\/2021\\\/10\\\/Logo_Lebenstanz_160.png\",\"contentUrl\":\"https:\\\/\\\/lebenstanz.info\\\/wp-content\\\/uploads\\\/2021\\\/10\\\/Logo_Lebenstanz_160.png\",\"width\":160,\"height\":160,\"caption\":\"Lebenstanz\"},\"image\":{\"@id\":\"https:\\\/\\\/lebenstanz.info\\\/fr\\\/#\\\/schema\\\/logo\\\/image\\\/\"},\"sameAs\":[\"https:\\\/\\\/www.facebook.com\\\/lebenstanzinfo\\\/\"]}]}<\/script>\n<!-- \/ Yoast SEO plugin. -->","yoast_head_json":{"title":"Organisation danseur-euses - Lebenstanz","robots":{"index":"index","follow":"follow","max-snippet":"max-snippet:-1","max-image-preview":"max-image-preview:large","max-video-preview":"max-video-preview:-1"},"canonical":"https:\/\/lebenstanz.info\/fr\/organisation-danseurs\/","og_locale":"fr_FR","og_type":"article","og_title":"Organisation danseur-euses - Lebenstanz","og_url":"https:\/\/lebenstanz.info\/fr\/organisation-danseurs\/","og_site_name":"Lebenstanz","article_publisher":"https:\/\/www.facebook.com\/lebenstanzinfo\/","article_modified_time":"2024-05-19T17:46:52+00:00","twitter_card":"summary_large_image","twitter_misc":{"Dur\u00e9e de lecture estim\u00e9e":"4 minutes"},"schema":{"@context":"https:\/\/schema.org","@graph":[{"@type":"WebPage","@id":"https:\/\/lebenstanz.info\/fr\/organisation-danseurs\/","url":"https:\/\/lebenstanz.info\/fr\/organisation-danseurs\/","name":"Organisation danseur-euses - Lebenstanz","isPartOf":{"@id":"https:\/\/lebenstanz.info\/fr\/#website"},"datePublished":"2021-07-19T11:38:13+00:00","dateModified":"2024-05-19T17:46:52+00:00","breadcrumb":{"@id":"https:\/\/lebenstanz.info\/fr\/organisation-danseurs\/#breadcrumb"},"inLanguage":"fr-FR","potentialAction":[{"@type":"ReadAction","target":["https:\/\/lebenstanz.info\/fr\/organisation-danseurs\/"]}]},{"@type":"BreadcrumbList","@id":"https:\/\/lebenstanz.info\/fr\/organisation-danseurs\/#breadcrumb","itemListElement":[{"@type":"ListItem","position":1,"name":"Startseite","item":"https:\/\/lebenstanz.info\/fr\/accueil\/"},{"@type":"ListItem","position":2,"name":"Organisation danseur-euses"}]},{"@type":"WebSite","@id":"https:\/\/lebenstanz.info\/fr\/#website","url":"https:\/\/lebenstanz.info\/fr\/","name":"Lebenstanz","description":"Ein Traum ist Wirklichkeit","publisher":{"@id":"https:\/\/lebenstanz.info\/fr\/#organization"},"potentialAction":[{"@type":"SearchAction","target":{"@type":"EntryPoint","urlTemplate":"https:\/\/lebenstanz.info\/fr\/?s={search_term_string}"},"query-input":{"@type":"PropertyValueSpecification","valueRequired":true,"valueName":"search_term_string"}}],"inLanguage":"fr-FR"},{"@type":"Organization","@id":"https:\/\/lebenstanz.info\/fr\/#organization","name":"Lebenstanz","url":"https:\/\/lebenstanz.info\/fr\/","logo":{"@type":"ImageObject","inLanguage":"fr-FR","@id":"https:\/\/lebenstanz.info\/fr\/#\/schema\/logo\/image\/","url":"https:\/\/lebenstanz.info\/wp-content\/uploads\/2021\/10\/Logo_Lebenstanz_160.png","contentUrl":"https:\/\/lebenstanz.info\/wp-content\/uploads\/2021\/10\/Logo_Lebenstanz_160.png","width":160,"height":160,"caption":"Lebenstanz"},"image":{"@id":"https:\/\/lebenstanz.info\/fr\/#\/schema\/logo\/image\/"},"sameAs":["https:\/\/www.facebook.com\/lebenstanzinfo\/"]}]}},"_links":{"self":[{"href":"https:\/\/lebenstanz.info\/fr\/wp-json\/wp\/v2\/pages\/3255","targetHints":{"allow":["GET"]}}],"collection":[{"href":"https:\/\/lebenstanz.info\/fr\/wp-json\/wp\/v2\/pages"}],"about":[{"href":"https:\/\/lebenstanz.info\/fr\/wp-json\/wp\/v2\/types\/page"}],"author":[{"embeddable":true,"href":"https:\/\/lebenstanz.info\/fr\/wp-json\/wp\/v2\/users\/1"}],"replies":[{"embeddable":true,"href":"https:\/\/lebenstanz.info\/fr\/wp-json\/wp\/v2\/comments?post=3255"}],"version-history":[{"count":7,"href":"https:\/\/lebenstanz.info\/fr\/wp-json\/wp\/v2\/pages\/3255\/revisions"}],"predecessor-version":[{"id":4452,"href":"https:\/\/lebenstanz.info\/fr\/wp-json\/wp\/v2\/pages\/3255\/revisions\/4452"}],"wp:attachment":[{"href":"https:\/\/lebenstanz.info\/fr\/wp-json\/wp\/v2\/media?parent=3255"}],"curies":[{"name":"wp","href":"https:\/\/api.w.org\/{rel}","templated":true}]}}