{"id":3220,"date":"2021-10-04T17:48:10","date_gmt":"2021-10-04T15:48:10","guid":{"rendered":"https:\/\/lebenstanz.info\/histoire-de-la-danse-de-la-vie\/"},"modified":"2024-02-08T17:07:57","modified_gmt":"2024-02-08T16:07:57","slug":"histoire-de-la-danse-de-la-vie","status":"publish","type":"page","link":"https:\/\/lebenstanz.info\/fr\/histoire-de-la-danse-de-la-vie\/","title":{"rendered":"HISTOIRE DE LA DANSE DE LA VIE"},"content":{"rendered":"<div class=\"fusion-fullwidth fullwidth-box fusion-builder-row-1 fusion-flex-container nonhundred-percent-fullwidth non-hundred-percent-height-scrolling\" style=\"--awb-border-radius-top-left:0px;--awb-border-radius-top-right:0px;--awb-border-radius-bottom-right:0px;--awb-border-radius-bottom-left:0px;--awb-flex-wrap:wrap;\" ><div class=\"fusion-builder-row fusion-row fusion-flex-align-items-flex-start fusion-flex-content-wrap\" style=\"max-width:1216.8px;margin-left: calc(-4% \/ 2 );margin-right: calc(-4% \/ 2 );\"><div class=\"fusion-layout-column fusion_builder_column fusion-builder-column-0 fusion_builder_column_1_1 1_1 fusion-flex-column\" style=\"--awb-bg-size:cover;--awb-width-large:100%;--awb-margin-top-large:20px;--awb-spacing-right-large:1.92%;--awb-margin-bottom-large:20px;--awb-spacing-left-large:1.92%;--awb-width-medium:100%;--awb-order-medium:0;--awb-spacing-right-medium:1.92%;--awb-spacing-left-medium:1.92%;--awb-width-small:100%;--awb-order-small:0;--awb-spacing-right-small:1.92%;--awb-spacing-left-small:1.92%;\"><div class=\"fusion-column-wrapper fusion-column-has-shadow fusion-flex-justify-content-flex-start fusion-content-layout-column\"><div class=\"fusion-text fusion-text-1\" style=\"--awb-text-transform:none;\"><h2 class=\"fusion-responsive-typography-calculated\" data-fontsize=\"40\" data-lineheight=\"44px\"><strong>L&rsquo;histoire de la danse de vie europ\u00e9enne \u00e0 Lavaldieu<\/strong><\/h2>\n<p>Nous parlons de la danse de la vie pour souligner que nous disons oui \u00e0 la vie et que nous dansons pour la vie.<\/p>\n<p>Une motivation essentielle de chaque personne pour porter ses visions lumineuses vers l&rsquo;arbre de la danse de vie, que ce soit en tant que danseur*, chanteur* ou gardien*, est la joie de sa propre existence. Nous sommes convaincus qu&rsquo;il en r\u00e9sultera un r\u00eave collectif lumineux que nous enverrons \u00e0 l&rsquo;univers \u00e0 la fin de la c\u00e9r\u00e9monie.<\/p>\n<p>Nous partons de l&rsquo;id\u00e9e centrale que pour r\u00e9aliser une intention, il existe deux voies qui se compl\u00e8tent, se renforcent mutuellement et permettent aux r\u00eaves de devenir r\u00e9alit\u00e9 :<\/p>\n<div>La voie de l&rsquo;<strong>\u00e9volution<\/strong>, que nous connaissons depuis toujours : Du simple au complexe, du substantiel aux principes spirituels d&rsquo;une part &#8211; et d&rsquo;autre part la voie de l&rsquo;<strong>involution<\/strong>: de l&rsquo;esprit \u00e0 la substance. Cela exprime notre certitude que nous portons l&rsquo;univers entier en nous.<\/div>\n<p>C&rsquo;est ainsi que la danse de la vie doit appara\u00eetre dans notre quotidien :<\/p>\n<div>En connexion permanente avec la conscience originelle, je suis le cr\u00e9ateur de ma vie et j&rsquo;assume la responsabilit\u00e9 de mon histoire hier, aujourd&rsquo;hui et demain. J&rsquo;affirme mon \u00eatre de gu\u00e9rison et tout ce qui est, veut se d\u00e9velopper et changer.<\/div>\n<p>Quelle que soit ma fonction, je danse avec humilit\u00e9 et pour le bien du plus grand nombre.<\/p>\n<div><\/div>\n<div>L&rsquo;histoire de la danse de la vie a commenc\u00e9 \u00e0 la fin des ann\u00e9es 1980. Voici une petite chronique de nos transformations.<\/div>\n<p><strong>Swift Deer<\/strong> (1941 &#8211; 2013), moiti\u00e9 Cherokee, moiti\u00e9 Irlandais, homme-m\u00e9decine, membre du conseil des anciens des Twisted Hairs et fondateur de la Deer Tribe Metis Medicine Society, a apport\u00e9 en Europe une forme de danses traditionnelles indiennes du soleil des r\u00eaveurs. \u00c0 la fin des ann\u00e9es 1980, il a organis\u00e9 en Autriche <strong>la premi\u00e8re danse du soleil europ\u00e9enne<\/strong>. Apr\u00e8s avoir trouv\u00e9 un lieu id\u00e9al \u00e0 Lavaldieu, au pied des Pyr\u00e9n\u00e9es fran\u00e7aises, quatre autres danses du soleil ont eu lieu de 1994 \u00e0 1997 avec l&rsquo;organisation des \u00e9l\u00e8ves* de Swift Deer, Barbara Schweizer-Weiss, Birgit Mayer, G\u00fcnther Gold, Loon Schneider, Renate Weber, Robert Weiss, Sabina Tschudi et Waheo K\u00f6nig (sponsor), sous la direction de Swift Deer et Batty Gold.<\/p>\n<p>Les plus anciens, nos <strong>danseurs r\u00eaveurs* <\/strong>(Barbara Schweizer-Weiss, Birgit Mayer, G\u00fcnther Gold, Loon Schneider, Renate Weber, Robert Weiss et Waheo K\u00f6nig) se sont s\u00e9par\u00e9s de Swift Deer et ont dirig\u00e9 six autres danses de 1998 \u00e0 2003, appel\u00e9es d\u00e8s lors danses <strong>de vie<\/strong>. En m\u00eame temps, ils se sont r\u00e9unis pour former \u00ab\u00a0Beyond &#8211; Association pour la croissance individuelle et l&rsquo;\u00e9volution collective\u00a0\u00bb.<\/p>\n<p>En 2004, nos danseurs* r\u00eaveurs ont transmis la direction des huit danses de vie suivantes \u00e0 une nouvelle \u00e9quipe de direction, qui a \u00e9galement \u00e9t\u00e9 int\u00e9gr\u00e9e \u00e0 l&rsquo;association Beyond : Claudia Frey, Daniel R\u00e4hle, Frank K\u00f6ster, Gabriela Proksch, Gabriella Bugari, Gerhard Proksch, Susie Soltermann et Thomas Schwarz. Cette \u00e9quipe s&rsquo;appellera plus tard elle-m\u00eame les <strong>\u00ab\u00a0danseurs de la piraterie*\u00a0\u00bb.<\/strong><\/p>\n<p>Pendant la danse de la vie, les danseurs-r\u00eaveurs* se sont rendus dans de nouveaux espaces d&rsquo;exp\u00e9rience et de d\u00e9veloppement pour soutenir cette c\u00e9r\u00e9monie. Sous la direction de G\u00fcnther Gold, ils ont d\u00e9velopp\u00e9 la technique de la r\u00eaverie intentionnelle commune et ont modifi\u00e9 certains processus chor\u00e9graphiques dans et autour de la danse. L&rsquo;alchimie de base des danses solaires indiennes a continu\u00e9 d&rsquo;exister.<\/p>\n<p>\u00c0 partir de 2012, la danse de vie europ\u00e9enne est organis\u00e9e et dirig\u00e9e par une nouvelle \u00e9quipe de six personnes, d\u00e9sormais \u00e9galement membres de Beyond : Claudia Schwarz, Gertraud Oberpaul, Herbert Untersteiner, Michael Maringer, Nathalie Buchli et Trojka Christian Keller, qui s&rsquo;appelleront par la suite les <strong>danseurs de dragon*<\/strong>.<\/p>\n<p>En 2013, les danseurs r\u00eaveurs* ont annonc\u00e9 leur retrait de la c\u00e9r\u00e9monie de la danse de la vie et ont mis cet espace \u00e0 la disposition de leurs successeurs de l&rsquo;\u00e9poque, les danseurs pionniers*. Ceux-ci &#8211; tout comme les danseurs r\u00eaveurs* &#8211; mettent leurs connaissances et leur exp\u00e9rience \u00e0 disposition.<\/p>\n<p>Apr\u00e8s la danse 2018, une nouvelle \u00e9quipe de direction compos\u00e9e d&rsquo;Andy Arnet, d&rsquo;Aniela Wirz, d&rsquo;Annett Gr\u00f6ble, de Dana Ott et d&rsquo;Eva Maringer a repris les r\u00eanes et a men\u00e9 la danse \u00e0 travers les temps difficiles de la pand\u00e9mie. En 2019, ils ont organis\u00e9 et dirig\u00e9 une danse sur place \u00e0 Lavaldieu. En 2020 et 2021, il n&rsquo;y a pas eu de danses \u00e0 Lavaldieu pour cause de Corona &#8211; c&rsquo;est pourquoi cette \u00e9quipe de direction a organis\u00e9 deux danses d\u00e9centralis\u00e9es dans le Spirit ainsi que la num\u00e9risation de notre collectif. La danse a ainsi pu \u00eatre dans\u00e9e individuellement et dans sept pays en tant que c\u00e9r\u00e9monie. La danse de vie d\u00e9centralis\u00e9e fait aujourd&rsquo;hui partie int\u00e9grante de la c\u00e9r\u00e9monie et permet aux gens de participer \u00e0 cette c\u00e9r\u00e9monie o\u00f9 qu&rsquo;ils soient et sans avoir \u00e0 se rendre \u00e0 Lavaldieu.<\/p>\n<p>En automne 2021, cinq personnes du collectif se sont r\u00e9unies pour organiser la prochaine danse de la vie \u00e0 Lavaldieu, en tant qu&rsquo;\u00e9quipe chor\u00e9graphique, avec des personnes engag\u00e9es des Branches lumineuses : Anita Schlesak, Ir\u00e8ne Muser-Rui, Josef Reichenspurner, Michael Maringer et Marton Radkai. Cette \u00e9quipe de chor\u00e9graphes s&rsquo;est \u00e9largie en 2022 avec l&rsquo;arriv\u00e9e de Flurina Campolongo, qui a quitt\u00e9 l&rsquo;\u00e9quipe avant le d\u00e9but de la 31e danse de la vie en 2023 pour des raisons d&rsquo;organisation. Apr\u00e8s cette danse de la vie 2023, Michael Maringer a lui aussi quitt\u00e9 l&rsquo;\u00e9quipe de chor\u00e9graphie apr\u00e8s l&rsquo;avoir soutenue pendant de nombreuses ann\u00e9es. B\u00e4rbel Oftring a ensuite pu \u00eatre recrut\u00e9e comme nouveau membre de l&rsquo;\u00e9quipe de chor\u00e9graphie.<\/p>\n<p>Que la danse de la vie continue d&rsquo;exister, pour nos enfants et les g\u00e9n\u00e9rations suivantes !<\/p>\n<\/div><\/div><\/div><\/div><\/div>\n","protected":false},"excerpt":{"rendered":"","protected":false},"author":1,"featured_media":0,"parent":0,"menu_order":0,"comment_status":"closed","ping_status":"closed","template":"","meta":{"footnotes":""},"class_list":["post-3220","page","type-page","status-publish","hentry"],"yoast_head":"<!-- This site is optimized with the Yoast SEO plugin v27.3 - https:\/\/yoast.com\/product\/yoast-seo-wordpress\/ -->\n<title>HISTOIRE DE LA DANSE DE LA VIE - Lebenstanz<\/title>\n<meta name=\"robots\" content=\"index, follow, max-snippet:-1, max-image-preview:large, max-video-preview:-1\" \/>\n<link rel=\"canonical\" href=\"https:\/\/lebenstanz.info\/fr\/histoire-de-la-danse-de-la-vie\/\" \/>\n<meta property=\"og:locale\" content=\"fr_FR\" \/>\n<meta property=\"og:type\" content=\"article\" \/>\n<meta property=\"og:title\" content=\"HISTOIRE DE LA DANSE DE LA VIE - Lebenstanz\" \/>\n<meta property=\"og:url\" content=\"https:\/\/lebenstanz.info\/fr\/histoire-de-la-danse-de-la-vie\/\" \/>\n<meta property=\"og:site_name\" content=\"Lebenstanz\" \/>\n<meta property=\"article:publisher\" content=\"https:\/\/www.facebook.com\/lebenstanzinfo\/\" \/>\n<meta property=\"article:modified_time\" content=\"2024-02-08T16:07:57+00:00\" \/>\n<meta name=\"twitter:card\" content=\"summary_large_image\" \/>\n<meta name=\"twitter:label1\" content=\"Dur\u00e9e de lecture estim\u00e9e\" \/>\n\t<meta name=\"twitter:data1\" content=\"8 minutes\" \/>\n<script type=\"application\/ld+json\" class=\"yoast-schema-graph\">{\"@context\":\"https:\\\/\\\/schema.org\",\"@graph\":[{\"@type\":\"WebPage\",\"@id\":\"https:\\\/\\\/lebenstanz.info\\\/fr\\\/histoire-de-la-danse-de-la-vie\\\/\",\"url\":\"https:\\\/\\\/lebenstanz.info\\\/fr\\\/histoire-de-la-danse-de-la-vie\\\/\",\"name\":\"HISTOIRE DE LA DANSE DE LA VIE - Lebenstanz\",\"isPartOf\":{\"@id\":\"https:\\\/\\\/lebenstanz.info\\\/fr\\\/#website\"},\"datePublished\":\"2021-10-04T15:48:10+00:00\",\"dateModified\":\"2024-02-08T16:07:57+00:00\",\"breadcrumb\":{\"@id\":\"https:\\\/\\\/lebenstanz.info\\\/fr\\\/histoire-de-la-danse-de-la-vie\\\/#breadcrumb\"},\"inLanguage\":\"fr-FR\",\"potentialAction\":[{\"@type\":\"ReadAction\",\"target\":[\"https:\\\/\\\/lebenstanz.info\\\/fr\\\/histoire-de-la-danse-de-la-vie\\\/\"]}]},{\"@type\":\"BreadcrumbList\",\"@id\":\"https:\\\/\\\/lebenstanz.info\\\/fr\\\/histoire-de-la-danse-de-la-vie\\\/#breadcrumb\",\"itemListElement\":[{\"@type\":\"ListItem\",\"position\":1,\"name\":\"Startseite\",\"item\":\"https:\\\/\\\/lebenstanz.info\\\/fr\\\/accueil\\\/\"},{\"@type\":\"ListItem\",\"position\":2,\"name\":\"HISTOIRE DE LA DANSE DE LA VIE\"}]},{\"@type\":\"WebSite\",\"@id\":\"https:\\\/\\\/lebenstanz.info\\\/fr\\\/#website\",\"url\":\"https:\\\/\\\/lebenstanz.info\\\/fr\\\/\",\"name\":\"Lebenstanz\",\"description\":\"Ein Traum ist Wirklichkeit\",\"publisher\":{\"@id\":\"https:\\\/\\\/lebenstanz.info\\\/fr\\\/#organization\"},\"potentialAction\":[{\"@type\":\"SearchAction\",\"target\":{\"@type\":\"EntryPoint\",\"urlTemplate\":\"https:\\\/\\\/lebenstanz.info\\\/fr\\\/?s={search_term_string}\"},\"query-input\":{\"@type\":\"PropertyValueSpecification\",\"valueRequired\":true,\"valueName\":\"search_term_string\"}}],\"inLanguage\":\"fr-FR\"},{\"@type\":\"Organization\",\"@id\":\"https:\\\/\\\/lebenstanz.info\\\/fr\\\/#organization\",\"name\":\"Lebenstanz\",\"url\":\"https:\\\/\\\/lebenstanz.info\\\/fr\\\/\",\"logo\":{\"@type\":\"ImageObject\",\"inLanguage\":\"fr-FR\",\"@id\":\"https:\\\/\\\/lebenstanz.info\\\/fr\\\/#\\\/schema\\\/logo\\\/image\\\/\",\"url\":\"https:\\\/\\\/lebenstanz.info\\\/wp-content\\\/uploads\\\/2021\\\/10\\\/Logo_Lebenstanz_160.png\",\"contentUrl\":\"https:\\\/\\\/lebenstanz.info\\\/wp-content\\\/uploads\\\/2021\\\/10\\\/Logo_Lebenstanz_160.png\",\"width\":160,\"height\":160,\"caption\":\"Lebenstanz\"},\"image\":{\"@id\":\"https:\\\/\\\/lebenstanz.info\\\/fr\\\/#\\\/schema\\\/logo\\\/image\\\/\"},\"sameAs\":[\"https:\\\/\\\/www.facebook.com\\\/lebenstanzinfo\\\/\"]}]}<\/script>\n<!-- \/ Yoast SEO plugin. -->","yoast_head_json":{"title":"HISTOIRE DE LA DANSE DE LA VIE - Lebenstanz","robots":{"index":"index","follow":"follow","max-snippet":"max-snippet:-1","max-image-preview":"max-image-preview:large","max-video-preview":"max-video-preview:-1"},"canonical":"https:\/\/lebenstanz.info\/fr\/histoire-de-la-danse-de-la-vie\/","og_locale":"fr_FR","og_type":"article","og_title":"HISTOIRE DE LA DANSE DE LA VIE - Lebenstanz","og_url":"https:\/\/lebenstanz.info\/fr\/histoire-de-la-danse-de-la-vie\/","og_site_name":"Lebenstanz","article_publisher":"https:\/\/www.facebook.com\/lebenstanzinfo\/","article_modified_time":"2024-02-08T16:07:57+00:00","twitter_card":"summary_large_image","twitter_misc":{"Dur\u00e9e de lecture estim\u00e9e":"8 minutes"},"schema":{"@context":"https:\/\/schema.org","@graph":[{"@type":"WebPage","@id":"https:\/\/lebenstanz.info\/fr\/histoire-de-la-danse-de-la-vie\/","url":"https:\/\/lebenstanz.info\/fr\/histoire-de-la-danse-de-la-vie\/","name":"HISTOIRE DE LA DANSE DE LA VIE - Lebenstanz","isPartOf":{"@id":"https:\/\/lebenstanz.info\/fr\/#website"},"datePublished":"2021-10-04T15:48:10+00:00","dateModified":"2024-02-08T16:07:57+00:00","breadcrumb":{"@id":"https:\/\/lebenstanz.info\/fr\/histoire-de-la-danse-de-la-vie\/#breadcrumb"},"inLanguage":"fr-FR","potentialAction":[{"@type":"ReadAction","target":["https:\/\/lebenstanz.info\/fr\/histoire-de-la-danse-de-la-vie\/"]}]},{"@type":"BreadcrumbList","@id":"https:\/\/lebenstanz.info\/fr\/histoire-de-la-danse-de-la-vie\/#breadcrumb","itemListElement":[{"@type":"ListItem","position":1,"name":"Startseite","item":"https:\/\/lebenstanz.info\/fr\/accueil\/"},{"@type":"ListItem","position":2,"name":"HISTOIRE DE LA DANSE DE LA VIE"}]},{"@type":"WebSite","@id":"https:\/\/lebenstanz.info\/fr\/#website","url":"https:\/\/lebenstanz.info\/fr\/","name":"Lebenstanz","description":"Ein Traum ist Wirklichkeit","publisher":{"@id":"https:\/\/lebenstanz.info\/fr\/#organization"},"potentialAction":[{"@type":"SearchAction","target":{"@type":"EntryPoint","urlTemplate":"https:\/\/lebenstanz.info\/fr\/?s={search_term_string}"},"query-input":{"@type":"PropertyValueSpecification","valueRequired":true,"valueName":"search_term_string"}}],"inLanguage":"fr-FR"},{"@type":"Organization","@id":"https:\/\/lebenstanz.info\/fr\/#organization","name":"Lebenstanz","url":"https:\/\/lebenstanz.info\/fr\/","logo":{"@type":"ImageObject","inLanguage":"fr-FR","@id":"https:\/\/lebenstanz.info\/fr\/#\/schema\/logo\/image\/","url":"https:\/\/lebenstanz.info\/wp-content\/uploads\/2021\/10\/Logo_Lebenstanz_160.png","contentUrl":"https:\/\/lebenstanz.info\/wp-content\/uploads\/2021\/10\/Logo_Lebenstanz_160.png","width":160,"height":160,"caption":"Lebenstanz"},"image":{"@id":"https:\/\/lebenstanz.info\/fr\/#\/schema\/logo\/image\/"},"sameAs":["https:\/\/www.facebook.com\/lebenstanzinfo\/"]}]}},"_links":{"self":[{"href":"https:\/\/lebenstanz.info\/fr\/wp-json\/wp\/v2\/pages\/3220","targetHints":{"allow":["GET"]}}],"collection":[{"href":"https:\/\/lebenstanz.info\/fr\/wp-json\/wp\/v2\/pages"}],"about":[{"href":"https:\/\/lebenstanz.info\/fr\/wp-json\/wp\/v2\/types\/page"}],"author":[{"embeddable":true,"href":"https:\/\/lebenstanz.info\/fr\/wp-json\/wp\/v2\/users\/1"}],"replies":[{"embeddable":true,"href":"https:\/\/lebenstanz.info\/fr\/wp-json\/wp\/v2\/comments?post=3220"}],"version-history":[{"count":10,"href":"https:\/\/lebenstanz.info\/fr\/wp-json\/wp\/v2\/pages\/3220\/revisions"}],"predecessor-version":[{"id":3945,"href":"https:\/\/lebenstanz.info\/fr\/wp-json\/wp\/v2\/pages\/3220\/revisions\/3945"}],"wp:attachment":[{"href":"https:\/\/lebenstanz.info\/fr\/wp-json\/wp\/v2\/media?parent=3220"}],"curies":[{"name":"wp","href":"https:\/\/api.w.org\/{rel}","templated":true}]}}