{"id":3214,"date":"2021-09-26T16:08:06","date_gmt":"2021-09-26T14:08:06","guid":{"rendered":"https:\/\/lebenstanz.info\/rejoignez-nous\/"},"modified":"2021-09-26T16:08:06","modified_gmt":"2021-09-26T14:08:06","slug":"rejoignez-nous","status":"publish","type":"page","link":"https:\/\/lebenstanz.info\/fr\/rejoignez-nous\/","title":{"rendered":"Rejoignez-nous"},"content":{"rendered":"<p style=\"color:red;font-weight:bold;\">Cette page et son contenu ont \u00e9t\u00e9 g\u00e9n\u00e9r\u00e9s automatiquement \u00e0 votre intention afin de vous donner une id\u00e9e de base de ce \u00e0 quoi devrait ressembler une page \u00ab\u00a0Rejoignez-nous\u00a0\u00bb. Vous pouvez personnaliser cette page comme vous le souhaitez en \u00e9ditant cette page depuis votre \u00e9diteur de page WordPress.<\/p>\n<p style=\"font-weight:bold;\">Si vous finissez par changer l&rsquo;URL de cette page, assurez-vous de mettre \u00e0 jour la valeur de l&rsquo;URL dans le menu des param\u00e8tres du plugin.<\/p>\n<p style=\"border-top:1px solid #ccc;padding-top:10px;margin-top:10px;\">\n<p>\t\t\t<strong>Adh\u00e9sion gratuite<\/strong><br \/>\n\t\t\t<br \/>\n  Vous avez un acc\u00e8s illimit\u00e9 au contenu gratuit de l&rsquo;adh\u00e9sion<br \/>\n\t\t\t<br \/>\n\t\t\t<em><strong>Prix : Gratuit !<\/strong><\/em><\/p>\n<p>Cliquez sur l&rsquo;image ci-dessous pour acc\u00e9der \u00e0 la page d&rsquo;inscription si vous souhaitez que vos visiteurs puissent cr\u00e9er un compte d&rsquo;adh\u00e9sion gratuit.<\/p>\n<p>\t\t\t<img class=\"lazyload\" decoding=\"async\" title=\"Join Now\" src=\"data:image\/svg+xml,%3Csvg%20xmlns%3D%27http%3A%2F%2Fwww.w3.org%2F2000%2Fsvg%27%20width%3D%27277%27%20height%3D%2782%27%20viewBox%3D%270%200%20277%2082%27%3E%3Crect%20width%3D%27277%27%20height%3D%2782%27%20fill-opacity%3D%220%22%2F%3E%3C%2Fsvg%3E\" data-orig-src=\"http:\/\/lebenstanz.info\/wp-content\/plugins\/simple-membership\/images\/join-now-button-image.gif\" alt=\"Bouton Join Now\" width=\"277\" height=\"82\"><\/p>\n<p style=\"border-bottom:1px solid #ccc;padding-bottom:10px;margin-bottom:10px;\">\n<p><strong>Vous pouvez vous inscrire pour une adh\u00e9sion gratuite ou payer pour l&rsquo;une des options d&rsquo;adh\u00e9sion suivantes<\/strong><\/p>\n<p style=\"border-top:1px solid #ccc;padding-top:10px;margin-top:10px;\">\n<p>  [ ==&gt; Insert Payment Button For Your Paid Membership Levels Here &lt;== ]  <\/p>\n<p style=\"border-bottom:1px solid #ccc;padding-bottom:10px;margin-bottom:10px;\">\n","protected":false},"excerpt":{"rendered":"<p>Cette page et son contenu ont \u00e9t\u00e9 g\u00e9n\u00e9r\u00e9s automatiquement \u00e0  [&#8230;]<\/p>\n","protected":false},"author":1,"featured_media":0,"parent":0,"menu_order":0,"comment_status":"closed","ping_status":"closed","template":"","meta":{"footnotes":""},"class_list":["post-3214","page","type-page","status-publish","hentry"],"yoast_head":"<!-- This site is optimized with the Yoast SEO plugin v27.5 - https:\/\/yoast.com\/product\/yoast-seo-wordpress\/ -->\n<title>Rejoignez-nous - Lebenstanz<\/title>\n<meta name=\"robots\" content=\"index, follow, max-snippet:-1, max-image-preview:large, max-video-preview:-1\" \/>\n<link rel=\"canonical\" href=\"https:\/\/lebenstanz.info\/fr\/rejoignez-nous\/\" \/>\n<meta property=\"og:locale\" content=\"fr_FR\" \/>\n<meta property=\"og:type\" content=\"article\" \/>\n<meta property=\"og:title\" content=\"Rejoignez-nous - Lebenstanz\" \/>\n<meta property=\"og:description\" content=\"Cette page et son contenu ont \u00e9t\u00e9 g\u00e9n\u00e9r\u00e9s automatiquement \u00e0 [...]\" \/>\n<meta property=\"og:url\" content=\"https:\/\/lebenstanz.info\/fr\/rejoignez-nous\/\" \/>\n<meta property=\"og:site_name\" content=\"Lebenstanz\" \/>\n<meta property=\"article:publisher\" content=\"https:\/\/www.facebook.com\/lebenstanzinfo\/\" \/>\n<meta property=\"og:image\" content=\"http:\/\/lebenstanz.info\/wp-content\/plugins\/simple-membership\/images\/join-now-button-image.gif\" \/>\n<meta name=\"twitter:card\" content=\"summary_large_image\" \/>\n<meta name=\"twitter:label1\" content=\"Dur\u00e9e de lecture estim\u00e9e\" \/>\n\t<meta name=\"twitter:data1\" content=\"1 minute\" \/>\n<script type=\"application\/ld+json\" class=\"yoast-schema-graph\">{\"@context\":\"https:\\\/\\\/schema.org\",\"@graph\":[{\"@type\":\"WebPage\",\"@id\":\"https:\\\/\\\/lebenstanz.info\\\/fr\\\/rejoignez-nous\\\/\",\"url\":\"https:\\\/\\\/lebenstanz.info\\\/fr\\\/rejoignez-nous\\\/\",\"name\":\"Rejoignez-nous - Lebenstanz\",\"isPartOf\":{\"@id\":\"https:\\\/\\\/lebenstanz.info\\\/fr\\\/#website\"},\"primaryImageOfPage\":{\"@id\":\"https:\\\/\\\/lebenstanz.info\\\/fr\\\/rejoignez-nous\\\/#primaryimage\"},\"image\":{\"@id\":\"https:\\\/\\\/lebenstanz.info\\\/fr\\\/rejoignez-nous\\\/#primaryimage\"},\"thumbnailUrl\":\"http:\\\/\\\/lebenstanz.info\\\/wp-content\\\/plugins\\\/simple-membership\\\/images\\\/join-now-button-image.gif\",\"datePublished\":\"2021-09-26T14:08:06+00:00\",\"breadcrumb\":{\"@id\":\"https:\\\/\\\/lebenstanz.info\\\/fr\\\/rejoignez-nous\\\/#breadcrumb\"},\"inLanguage\":\"fr-FR\",\"potentialAction\":[{\"@type\":\"ReadAction\",\"target\":[\"https:\\\/\\\/lebenstanz.info\\\/fr\\\/rejoignez-nous\\\/\"]}]},{\"@type\":\"ImageObject\",\"inLanguage\":\"fr-FR\",\"@id\":\"https:\\\/\\\/lebenstanz.info\\\/fr\\\/rejoignez-nous\\\/#primaryimage\",\"url\":\"http:\\\/\\\/lebenstanz.info\\\/wp-content\\\/plugins\\\/simple-membership\\\/images\\\/join-now-button-image.gif\",\"contentUrl\":\"http:\\\/\\\/lebenstanz.info\\\/wp-content\\\/plugins\\\/simple-membership\\\/images\\\/join-now-button-image.gif\"},{\"@type\":\"BreadcrumbList\",\"@id\":\"https:\\\/\\\/lebenstanz.info\\\/fr\\\/rejoignez-nous\\\/#breadcrumb\",\"itemListElement\":[{\"@type\":\"ListItem\",\"position\":1,\"name\":\"Startseite\",\"item\":\"https:\\\/\\\/lebenstanz.info\\\/fr\\\/accueil\\\/\"},{\"@type\":\"ListItem\",\"position\":2,\"name\":\"Rejoignez-nous\"}]},{\"@type\":\"WebSite\",\"@id\":\"https:\\\/\\\/lebenstanz.info\\\/fr\\\/#website\",\"url\":\"https:\\\/\\\/lebenstanz.info\\\/fr\\\/\",\"name\":\"Lebenstanz\",\"description\":\"Ein Traum ist Wirklichkeit\",\"publisher\":{\"@id\":\"https:\\\/\\\/lebenstanz.info\\\/fr\\\/#organization\"},\"potentialAction\":[{\"@type\":\"SearchAction\",\"target\":{\"@type\":\"EntryPoint\",\"urlTemplate\":\"https:\\\/\\\/lebenstanz.info\\\/fr\\\/?s={search_term_string}\"},\"query-input\":{\"@type\":\"PropertyValueSpecification\",\"valueRequired\":true,\"valueName\":\"search_term_string\"}}],\"inLanguage\":\"fr-FR\"},{\"@type\":\"Organization\",\"@id\":\"https:\\\/\\\/lebenstanz.info\\\/fr\\\/#organization\",\"name\":\"Lebenstanz\",\"url\":\"https:\\\/\\\/lebenstanz.info\\\/fr\\\/\",\"logo\":{\"@type\":\"ImageObject\",\"inLanguage\":\"fr-FR\",\"@id\":\"https:\\\/\\\/lebenstanz.info\\\/fr\\\/#\\\/schema\\\/logo\\\/image\\\/\",\"url\":\"https:\\\/\\\/lebenstanz.info\\\/wp-content\\\/uploads\\\/2021\\\/10\\\/Logo_Lebenstanz_160.png\",\"contentUrl\":\"https:\\\/\\\/lebenstanz.info\\\/wp-content\\\/uploads\\\/2021\\\/10\\\/Logo_Lebenstanz_160.png\",\"width\":160,\"height\":160,\"caption\":\"Lebenstanz\"},\"image\":{\"@id\":\"https:\\\/\\\/lebenstanz.info\\\/fr\\\/#\\\/schema\\\/logo\\\/image\\\/\"},\"sameAs\":[\"https:\\\/\\\/www.facebook.com\\\/lebenstanzinfo\\\/\"]}]}<\/script>\n<!-- \/ Yoast SEO plugin. -->","yoast_head_json":{"title":"Rejoignez-nous - Lebenstanz","robots":{"index":"index","follow":"follow","max-snippet":"max-snippet:-1","max-image-preview":"max-image-preview:large","max-video-preview":"max-video-preview:-1"},"canonical":"https:\/\/lebenstanz.info\/fr\/rejoignez-nous\/","og_locale":"fr_FR","og_type":"article","og_title":"Rejoignez-nous - Lebenstanz","og_description":"Cette page et son contenu ont \u00e9t\u00e9 g\u00e9n\u00e9r\u00e9s automatiquement \u00e0 [...]","og_url":"https:\/\/lebenstanz.info\/fr\/rejoignez-nous\/","og_site_name":"Lebenstanz","article_publisher":"https:\/\/www.facebook.com\/lebenstanzinfo\/","og_image":[{"url":"http:\/\/lebenstanz.info\/wp-content\/plugins\/simple-membership\/images\/join-now-button-image.gif","type":"","width":"","height":""}],"twitter_card":"summary_large_image","twitter_misc":{"Dur\u00e9e de lecture estim\u00e9e":"1 minute"},"schema":{"@context":"https:\/\/schema.org","@graph":[{"@type":"WebPage","@id":"https:\/\/lebenstanz.info\/fr\/rejoignez-nous\/","url":"https:\/\/lebenstanz.info\/fr\/rejoignez-nous\/","name":"Rejoignez-nous - Lebenstanz","isPartOf":{"@id":"https:\/\/lebenstanz.info\/fr\/#website"},"primaryImageOfPage":{"@id":"https:\/\/lebenstanz.info\/fr\/rejoignez-nous\/#primaryimage"},"image":{"@id":"https:\/\/lebenstanz.info\/fr\/rejoignez-nous\/#primaryimage"},"thumbnailUrl":"http:\/\/lebenstanz.info\/wp-content\/plugins\/simple-membership\/images\/join-now-button-image.gif","datePublished":"2021-09-26T14:08:06+00:00","breadcrumb":{"@id":"https:\/\/lebenstanz.info\/fr\/rejoignez-nous\/#breadcrumb"},"inLanguage":"fr-FR","potentialAction":[{"@type":"ReadAction","target":["https:\/\/lebenstanz.info\/fr\/rejoignez-nous\/"]}]},{"@type":"ImageObject","inLanguage":"fr-FR","@id":"https:\/\/lebenstanz.info\/fr\/rejoignez-nous\/#primaryimage","url":"http:\/\/lebenstanz.info\/wp-content\/plugins\/simple-membership\/images\/join-now-button-image.gif","contentUrl":"http:\/\/lebenstanz.info\/wp-content\/plugins\/simple-membership\/images\/join-now-button-image.gif"},{"@type":"BreadcrumbList","@id":"https:\/\/lebenstanz.info\/fr\/rejoignez-nous\/#breadcrumb","itemListElement":[{"@type":"ListItem","position":1,"name":"Startseite","item":"https:\/\/lebenstanz.info\/fr\/accueil\/"},{"@type":"ListItem","position":2,"name":"Rejoignez-nous"}]},{"@type":"WebSite","@id":"https:\/\/lebenstanz.info\/fr\/#website","url":"https:\/\/lebenstanz.info\/fr\/","name":"Lebenstanz","description":"Ein Traum ist Wirklichkeit","publisher":{"@id":"https:\/\/lebenstanz.info\/fr\/#organization"},"potentialAction":[{"@type":"SearchAction","target":{"@type":"EntryPoint","urlTemplate":"https:\/\/lebenstanz.info\/fr\/?s={search_term_string}"},"query-input":{"@type":"PropertyValueSpecification","valueRequired":true,"valueName":"search_term_string"}}],"inLanguage":"fr-FR"},{"@type":"Organization","@id":"https:\/\/lebenstanz.info\/fr\/#organization","name":"Lebenstanz","url":"https:\/\/lebenstanz.info\/fr\/","logo":{"@type":"ImageObject","inLanguage":"fr-FR","@id":"https:\/\/lebenstanz.info\/fr\/#\/schema\/logo\/image\/","url":"https:\/\/lebenstanz.info\/wp-content\/uploads\/2021\/10\/Logo_Lebenstanz_160.png","contentUrl":"https:\/\/lebenstanz.info\/wp-content\/uploads\/2021\/10\/Logo_Lebenstanz_160.png","width":160,"height":160,"caption":"Lebenstanz"},"image":{"@id":"https:\/\/lebenstanz.info\/fr\/#\/schema\/logo\/image\/"},"sameAs":["https:\/\/www.facebook.com\/lebenstanzinfo\/"]}]}},"_links":{"self":[{"href":"https:\/\/lebenstanz.info\/fr\/wp-json\/wp\/v2\/pages\/3214","targetHints":{"allow":["GET"]}}],"collection":[{"href":"https:\/\/lebenstanz.info\/fr\/wp-json\/wp\/v2\/pages"}],"about":[{"href":"https:\/\/lebenstanz.info\/fr\/wp-json\/wp\/v2\/types\/page"}],"author":[{"embeddable":true,"href":"https:\/\/lebenstanz.info\/fr\/wp-json\/wp\/v2\/users\/1"}],"replies":[{"embeddable":true,"href":"https:\/\/lebenstanz.info\/fr\/wp-json\/wp\/v2\/comments?post=3214"}],"version-history":[{"count":0,"href":"https:\/\/lebenstanz.info\/fr\/wp-json\/wp\/v2\/pages\/3214\/revisions"}],"wp:attachment":[{"href":"https:\/\/lebenstanz.info\/fr\/wp-json\/wp\/v2\/media?parent=3214"}],"curies":[{"name":"wp","href":"https:\/\/api.w.org\/{rel}","templated":true}]}}