{"id":3203,"date":"2021-10-04T17:48:10","date_gmt":"2021-10-04T15:48:10","guid":{"rendered":"https:\/\/lebenstanz.info\/history-of-the-dance-of-life\/"},"modified":"2024-02-08T17:07:57","modified_gmt":"2024-02-08T16:07:57","slug":"history-of-the-dance-of-life","status":"publish","type":"page","link":"https:\/\/lebenstanz.info\/en\/history-of-the-dance-of-life\/","title":{"rendered":"HISTORY OF THE DANCE OF LIFE"},"content":{"rendered":"<div class=\"fusion-fullwidth fullwidth-box fusion-builder-row-1 fusion-flex-container nonhundred-percent-fullwidth non-hundred-percent-height-scrolling\" style=\"--awb-border-radius-top-left:0px;--awb-border-radius-top-right:0px;--awb-border-radius-bottom-right:0px;--awb-border-radius-bottom-left:0px;--awb-flex-wrap:wrap;\" ><div class=\"fusion-builder-row fusion-row fusion-flex-align-items-flex-start fusion-flex-content-wrap\" style=\"max-width:1216.8px;margin-left: calc(-4% \/ 2 );margin-right: calc(-4% \/ 2 );\"><div class=\"fusion-layout-column fusion_builder_column fusion-builder-column-0 fusion_builder_column_1_1 1_1 fusion-flex-column\" style=\"--awb-bg-size:cover;--awb-width-large:100%;--awb-margin-top-large:20px;--awb-spacing-right-large:1.92%;--awb-margin-bottom-large:20px;--awb-spacing-left-large:1.92%;--awb-width-medium:100%;--awb-order-medium:0;--awb-spacing-right-medium:1.92%;--awb-spacing-left-medium:1.92%;--awb-width-small:100%;--awb-order-small:0;--awb-spacing-right-small:1.92%;--awb-spacing-left-small:1.92%;\"><div class=\"fusion-column-wrapper fusion-column-has-shadow fusion-flex-justify-content-flex-start fusion-content-layout-column\"><div class=\"fusion-text fusion-text-1\" style=\"--awb-text-transform:none;\"><h2 class=\"fusion-responsive-typography-calculated\" data-fontsize=\"40\" data-lineheight=\"44px\"><strong>The history of the European dance of life in Lavaldieu<\/strong><\/h2>\n<p>We speak of the dance of life to emphasize that we say yes to life and dance for life.<\/p>\n<p>An essential motivation for each individual to carry their bright visions to the Tree of Life, whether as a dancer, singer or guardian, is the joy of their own existence. We are convinced that this will create a light-filled collective dream that we will send out into the universe at the end of the ceremony.<\/p>\n<p>We start from the central idea that there are two ways to fulfill an intention, which complement and strengthen each other and make dreams come true:<\/p>\n<div>The path of <strong>evolution<\/strong> that we have always known: From the simple to the complex, from the substantial to the spiritual principles on the one hand &#8211; and on the other hand the path of <strong>involution<\/strong>: from spirit to substance. This expresses our certainty that we carry the whole universe within us.<\/div>\n<p>This is how the dance of life should appear in our everyday lives:<\/p>\n<div>In the constant connection with my primal awareness, I am the creator of my life and am responsible for my story yesterday, today and tomorrow. I affirm my salvation and everything that is, wants to unfold and change.<\/div>\n<p>In whatever capacity &#8211; I dance in humility and for the good of the greater whole.<\/p>\n<div><\/div>\n<div>The story of Lebenstanz began at the end of the 1980s. Here is a short chronicle of our transformations.<\/div>\n<p><strong>Swift Deer<\/strong> (1941 &#8211; 2013), half Cherokee, half Irish, medicine man, member of the Council of Elders of the Twisted Hairs and founder of the Deer Tribe Metis Medicine Society, brought a form of traditional Native American dreamer sun dances to Europe. In the late 1980s, he organized <strong>the first European sun dance<\/strong> in Austria. After an ideal location was found in Lavaldieu, at the foot of the French Pyrenees, another four Sun Dances took place from 1994 to 1997 under the direction of Swift Deer and Batty Gold, with the organization of Swift Deer&#8217;s students Barbara Schweizer-Weiss, Birgit Mayer, G\u00fcnther Gold, Loon Schneider, Renate Weber, Robert Weiss, Sabina Tschudi and Waheo K\u00f6nig (sponsor).<\/p>\n<p>The eldest, our <strong>Tr\u00e4umert\u00e4nzer*innen <\/strong>(Barbara Schweizer-Weiss, Birgit Mayer, G\u00fcnther Gold, Loon Schneider, Renate Weber, Robert Weiss and Waheo K\u00f6nig) separated from Swift Deer and led another six dances from 1998 &#8211; 2003, which from then on were called <strong>Lebenst\u00e4nze<\/strong>. At the same time, they joined forces to form &#8220;Beyond &#8211; Association for Individual Growth and Collective Evolution&#8221;.<\/p>\n<p>In 2004, our Tr\u00e4umer dancers handed over the leadership of the next eight Lebenst\u00e4nze to a new leadership team, which was also accepted into the Beyond association: Claudia Frey, Daniel R\u00e4hle, Frank K\u00f6ster, Gabriela Proksch, Gabriella Bugari, Gerhard Proksch, Susie Soltermann and Thomas Schwarz. This team later calls itself the <strong>&#8220;Pirschert\u00e4nzer*innen&#8221;<\/strong>.<\/p>\n<p>During the dance of life, the dreamer-dancers entered new spaces of experience and development to support this ceremony. Under the direction of G\u00fcnther Gold, they developed the technique of collective intentional dreaming and changed some of the choreographic processes in and around the dance. The basic alchemy of the Indian sun dances remained the same.<\/p>\n<p>From 2012, the European Life Dance is organized and led by a new team of six, now also members of Beyond: Claudia Schwarz, Gertraud Oberpaul, Herbert Untersteiner, Michael Maringer, Nathalie Buchli and Trojka Christian Keller, who subsequently call themselves the <strong>Dragon Dancers<\/strong>.<\/p>\n<p>In 2013, the Dreamer Dancers announced their withdrawal from the Life Dance Ceremony and made this space available to their successors at the time, the Stalker Dancers. Like the dreamer dancers, they offer their knowledge and experience.<\/p>\n<p>After the 2018 dance, a new management team consisting of Andy Arnet, Aniela Wirz, Annett Gr\u00f6ble, Dana Ott and Eva Maringer took over and led the dance through the difficult times of the pandemic. In 2019, you organized and led a dance on site in Lavaldieu. In 2020 and 2021, there were no dances in Lavaldieu due to the coronavirus, so this leadership team organized two decentralized dances in the Spirit and promoted the digitalization of our collective. This allowed the dance to be performed individually and as a ceremony in seven countries. The decentralized dance of life is now an integral part of the ceremony and allows people to take part in this ceremony anywhere without having to travel to Lavaldieu.<\/p>\n<p>In autumn 2021, five people from the collective have come together as a choreography team together with committed people from the Shining Branches to organize the next Life Dance again in Lavaldieu: Anita Schlesak, Ir\u00e8ne Muser-Rui, Josef Reichenspurner, Michael Maringer and Marton Radkai. This choreography team was expanded in 2022 by Flurina Campolongo, who left the team for organizational reasons before the start of the 31st Life Dance in 2023. After this life dance in 2023, Michael Maringer also left the choreography team after many years of support. B\u00e4rbel Oftring was then recruited as a new member of the choreography team.<\/p>\n<p>May the dance of life continue for our children and future generations!<\/p>\n<\/div><\/div><\/div><\/div><\/div>\n","protected":false},"excerpt":{"rendered":"","protected":false},"author":1,"featured_media":0,"parent":0,"menu_order":0,"comment_status":"closed","ping_status":"closed","template":"","meta":{"footnotes":""},"class_list":["post-3203","page","type-page","status-publish","hentry"],"yoast_head":"<!-- This site is optimized with the Yoast SEO plugin v27.5 - https:\/\/yoast.com\/product\/yoast-seo-wordpress\/ -->\n<title>HISTORY OF THE DANCE OF LIFE - Lebenstanz<\/title>\n<meta name=\"robots\" content=\"index, follow, max-snippet:-1, max-image-preview:large, max-video-preview:-1\" \/>\n<link rel=\"canonical\" href=\"https:\/\/lebenstanz.info\/en\/history-of-the-dance-of-life\/\" \/>\n<meta property=\"og:locale\" content=\"en_US\" \/>\n<meta property=\"og:type\" content=\"article\" \/>\n<meta property=\"og:title\" content=\"HISTORY OF THE DANCE OF LIFE - Lebenstanz\" \/>\n<meta property=\"og:url\" content=\"https:\/\/lebenstanz.info\/en\/history-of-the-dance-of-life\/\" \/>\n<meta property=\"og:site_name\" content=\"Lebenstanz\" \/>\n<meta property=\"article:publisher\" content=\"https:\/\/www.facebook.com\/lebenstanzinfo\/\" \/>\n<meta property=\"article:modified_time\" content=\"2024-02-08T16:07:57+00:00\" \/>\n<meta name=\"twitter:card\" content=\"summary_large_image\" \/>\n<meta name=\"twitter:label1\" content=\"Est. reading time\" \/>\n\t<meta name=\"twitter:data1\" content=\"7 minutes\" \/>\n<script type=\"application\/ld+json\" class=\"yoast-schema-graph\">{\"@context\":\"https:\\\/\\\/schema.org\",\"@graph\":[{\"@type\":\"WebPage\",\"@id\":\"https:\\\/\\\/lebenstanz.info\\\/en\\\/history-of-the-dance-of-life\\\/\",\"url\":\"https:\\\/\\\/lebenstanz.info\\\/en\\\/history-of-the-dance-of-life\\\/\",\"name\":\"HISTORY OF THE DANCE OF LIFE - Lebenstanz\",\"isPartOf\":{\"@id\":\"https:\\\/\\\/lebenstanz.info\\\/en\\\/#website\"},\"datePublished\":\"2021-10-04T15:48:10+00:00\",\"dateModified\":\"2024-02-08T16:07:57+00:00\",\"breadcrumb\":{\"@id\":\"https:\\\/\\\/lebenstanz.info\\\/en\\\/history-of-the-dance-of-life\\\/#breadcrumb\"},\"inLanguage\":\"en-US\",\"potentialAction\":[{\"@type\":\"ReadAction\",\"target\":[\"https:\\\/\\\/lebenstanz.info\\\/en\\\/history-of-the-dance-of-life\\\/\"]}]},{\"@type\":\"BreadcrumbList\",\"@id\":\"https:\\\/\\\/lebenstanz.info\\\/en\\\/history-of-the-dance-of-life\\\/#breadcrumb\",\"itemListElement\":[{\"@type\":\"ListItem\",\"position\":1,\"name\":\"Startseite\",\"item\":\"https:\\\/\\\/lebenstanz.info\\\/en\\\/home\\\/\"},{\"@type\":\"ListItem\",\"position\":2,\"name\":\"HISTORY OF THE DANCE OF LIFE\"}]},{\"@type\":\"WebSite\",\"@id\":\"https:\\\/\\\/lebenstanz.info\\\/en\\\/#website\",\"url\":\"https:\\\/\\\/lebenstanz.info\\\/en\\\/\",\"name\":\"Lebenstanz\",\"description\":\"Ein Traum ist Wirklichkeit\",\"publisher\":{\"@id\":\"https:\\\/\\\/lebenstanz.info\\\/en\\\/#organization\"},\"potentialAction\":[{\"@type\":\"SearchAction\",\"target\":{\"@type\":\"EntryPoint\",\"urlTemplate\":\"https:\\\/\\\/lebenstanz.info\\\/en\\\/?s={search_term_string}\"},\"query-input\":{\"@type\":\"PropertyValueSpecification\",\"valueRequired\":true,\"valueName\":\"search_term_string\"}}],\"inLanguage\":\"en-US\"},{\"@type\":\"Organization\",\"@id\":\"https:\\\/\\\/lebenstanz.info\\\/en\\\/#organization\",\"name\":\"Lebenstanz\",\"url\":\"https:\\\/\\\/lebenstanz.info\\\/en\\\/\",\"logo\":{\"@type\":\"ImageObject\",\"inLanguage\":\"en-US\",\"@id\":\"https:\\\/\\\/lebenstanz.info\\\/en\\\/#\\\/schema\\\/logo\\\/image\\\/\",\"url\":\"https:\\\/\\\/lebenstanz.info\\\/wp-content\\\/uploads\\\/2021\\\/10\\\/Logo_Lebenstanz_160.png\",\"contentUrl\":\"https:\\\/\\\/lebenstanz.info\\\/wp-content\\\/uploads\\\/2021\\\/10\\\/Logo_Lebenstanz_160.png\",\"width\":160,\"height\":160,\"caption\":\"Lebenstanz\"},\"image\":{\"@id\":\"https:\\\/\\\/lebenstanz.info\\\/en\\\/#\\\/schema\\\/logo\\\/image\\\/\"},\"sameAs\":[\"https:\\\/\\\/www.facebook.com\\\/lebenstanzinfo\\\/\"]}]}<\/script>\n<!-- \/ Yoast SEO plugin. -->","yoast_head_json":{"title":"HISTORY OF THE DANCE OF LIFE - Lebenstanz","robots":{"index":"index","follow":"follow","max-snippet":"max-snippet:-1","max-image-preview":"max-image-preview:large","max-video-preview":"max-video-preview:-1"},"canonical":"https:\/\/lebenstanz.info\/en\/history-of-the-dance-of-life\/","og_locale":"en_US","og_type":"article","og_title":"HISTORY OF THE DANCE OF LIFE - Lebenstanz","og_url":"https:\/\/lebenstanz.info\/en\/history-of-the-dance-of-life\/","og_site_name":"Lebenstanz","article_publisher":"https:\/\/www.facebook.com\/lebenstanzinfo\/","article_modified_time":"2024-02-08T16:07:57+00:00","twitter_card":"summary_large_image","twitter_misc":{"Est. reading time":"7 minutes"},"schema":{"@context":"https:\/\/schema.org","@graph":[{"@type":"WebPage","@id":"https:\/\/lebenstanz.info\/en\/history-of-the-dance-of-life\/","url":"https:\/\/lebenstanz.info\/en\/history-of-the-dance-of-life\/","name":"HISTORY OF THE DANCE OF LIFE - Lebenstanz","isPartOf":{"@id":"https:\/\/lebenstanz.info\/en\/#website"},"datePublished":"2021-10-04T15:48:10+00:00","dateModified":"2024-02-08T16:07:57+00:00","breadcrumb":{"@id":"https:\/\/lebenstanz.info\/en\/history-of-the-dance-of-life\/#breadcrumb"},"inLanguage":"en-US","potentialAction":[{"@type":"ReadAction","target":["https:\/\/lebenstanz.info\/en\/history-of-the-dance-of-life\/"]}]},{"@type":"BreadcrumbList","@id":"https:\/\/lebenstanz.info\/en\/history-of-the-dance-of-life\/#breadcrumb","itemListElement":[{"@type":"ListItem","position":1,"name":"Startseite","item":"https:\/\/lebenstanz.info\/en\/home\/"},{"@type":"ListItem","position":2,"name":"HISTORY OF THE DANCE OF LIFE"}]},{"@type":"WebSite","@id":"https:\/\/lebenstanz.info\/en\/#website","url":"https:\/\/lebenstanz.info\/en\/","name":"Lebenstanz","description":"Ein Traum ist Wirklichkeit","publisher":{"@id":"https:\/\/lebenstanz.info\/en\/#organization"},"potentialAction":[{"@type":"SearchAction","target":{"@type":"EntryPoint","urlTemplate":"https:\/\/lebenstanz.info\/en\/?s={search_term_string}"},"query-input":{"@type":"PropertyValueSpecification","valueRequired":true,"valueName":"search_term_string"}}],"inLanguage":"en-US"},{"@type":"Organization","@id":"https:\/\/lebenstanz.info\/en\/#organization","name":"Lebenstanz","url":"https:\/\/lebenstanz.info\/en\/","logo":{"@type":"ImageObject","inLanguage":"en-US","@id":"https:\/\/lebenstanz.info\/en\/#\/schema\/logo\/image\/","url":"https:\/\/lebenstanz.info\/wp-content\/uploads\/2021\/10\/Logo_Lebenstanz_160.png","contentUrl":"https:\/\/lebenstanz.info\/wp-content\/uploads\/2021\/10\/Logo_Lebenstanz_160.png","width":160,"height":160,"caption":"Lebenstanz"},"image":{"@id":"https:\/\/lebenstanz.info\/en\/#\/schema\/logo\/image\/"},"sameAs":["https:\/\/www.facebook.com\/lebenstanzinfo\/"]}]}},"_links":{"self":[{"href":"https:\/\/lebenstanz.info\/en\/wp-json\/wp\/v2\/pages\/3203","targetHints":{"allow":["GET"]}}],"collection":[{"href":"https:\/\/lebenstanz.info\/en\/wp-json\/wp\/v2\/pages"}],"about":[{"href":"https:\/\/lebenstanz.info\/en\/wp-json\/wp\/v2\/types\/page"}],"author":[{"embeddable":true,"href":"https:\/\/lebenstanz.info\/en\/wp-json\/wp\/v2\/users\/1"}],"replies":[{"embeddable":true,"href":"https:\/\/lebenstanz.info\/en\/wp-json\/wp\/v2\/comments?post=3203"}],"version-history":[{"count":10,"href":"https:\/\/lebenstanz.info\/en\/wp-json\/wp\/v2\/pages\/3203\/revisions"}],"predecessor-version":[{"id":3943,"href":"https:\/\/lebenstanz.info\/en\/wp-json\/wp\/v2\/pages\/3203\/revisions\/3943"}],"wp:attachment":[{"href":"https:\/\/lebenstanz.info\/en\/wp-json\/wp\/v2\/media?parent=3203"}],"curies":[{"name":"wp","href":"https:\/\/api.w.org\/{rel}","templated":true}]}}